{"id":96,"date":"2025-01-04T18:58:40","date_gmt":"2025-01-04T18:58:40","guid":{"rendered":"https:\/\/naehwittchen.ch\/?page_id=96"},"modified":"2025-12-10T18:24:40","modified_gmt":"2025-12-10T18:24:40","slug":"kontakt","status":"publish","type":"page","link":"https:\/\/naehwittchen.ch\/?page_id=96","title":{"rendered":"Kontakt"},"content":{"rendered":"<p>[et_pb_section fb_built=&#8220;1&#8243; _builder_version=&#8220;4.27.4&#8243; _module_preset=&#8220;default&#8220; background_color=&#8220;gcid-695690f7-1400-435d-ab5d-81e5d8a43692&#8243; global_colors_info=&#8220;{%22gcid-695690f7-1400-435d-ab5d-81e5d8a43692%22:%91%22background_color%22%93}&#8220;][et_pb_row admin_label=&#8220;Zeile&#8220; _builder_version=&#8220;4.27.4&#8243; _module_preset=&#8220;default&#8220; global_colors_info=&#8220;{}&#8220;][et_pb_column type=&#8220;4_4&#8243; _builder_version=&#8220;4.27.4&#8243; _module_preset=&#8220;default&#8220; global_colors_info=&#8220;{}&#8220;][et_pb_text admin_label=&#8220;Text&#8220; _builder_version=&#8220;4.27.4&#8243; _module_preset=&#8220;default&#8220; global_colors_info=&#8220;{}&#8220;]<\/p>\n<p>Chat mit <strong><a href=\"https:\/\/api.whatsapp.com\/send\/?phone=41763068100&amp;text&amp;type=phone_number&amp;app_absent=0\" target=\"_blank\" rel=\"noopener\">WhatsApp <\/a><\/strong><\/p>\n<p>[\/et_pb_text][\/et_pb_column][\/et_pb_row][et_pb_row column_structure=&#8220;1_2,1_2&#8243; _builder_version=&#8220;4.27.4&#8243; _module_preset=&#8220;default&#8220; global_colors_info=&#8220;{}&#8220;][et_pb_column type=&#8220;1_2&#8243; _builder_version=&#8220;4.27.4&#8243; _module_preset=&#8220;default&#8220; global_colors_info=&#8220;{}&#8220;][et_pb_contact_form admin_label=&#8220;Kontaktformular&#8220; _builder_version=&#8220;4.27.4&#8243; _module_preset=&#8220;default&#8220; _unique_id=&#8220;3b37e7f2-a986-4c3b-8033-26c2a2a30cdb&#8220; global_colors_info=&#8220;{}&#8220;][et_pb_contact_field field_id=&#8220;Name&#8220; field_title=&#8220;Name&#8220; min_length=&#8220;8&#8243; max_length=&#8220;29&#8243; allowed_symbols=&#8220;letters&#8220; fullwidth_field=&#8220;on&#8220; _builder_version=&#8220;4.27.4&#8243; _module_preset=&#8220;default&#8220; global_colors_info=&#8220;{}&#8220;][\/et_pb_contact_field][et_pb_contact_field field_id=&#8220;E-Mail&#8220; field_title=&#8220;E-Mail&#8220; field_type=&#8220;email&#8220; fullwidth_field=&#8220;on&#8220; _builder_version=&#8220;4.27.4&#8243; _module_preset=&#8220;default&#8220; global_colors_info=&#8220;{}&#8220;][\/et_pb_contact_field][et_pb_contact_field field_id=&#8220;Telefonnummer&#8220; field_title=&#8220;Telefonnummer&#8220; min_length=&#8220;10&#8243; max_length=&#8220;18&#8243; allowed_symbols=&#8220;numbers&#8220; fullwidth_field=&#8220;on&#8220; _builder_version=&#8220;4.27.4&#8243; _module_preset=&#8220;default&#8220; global_colors_info=&#8220;{}&#8220;][\/et_pb_contact_field][et_pb_contact_field field_id=&#8220;Message&#8220; field_title=&#8220;Nachricht&#8220; field_type=&#8220;text&#8220; fullwidth_field=&#8220;on&#8220; _builder_version=&#8220;4.27.4&#8243; global_colors_info=&#8220;{}&#8220; button_text_size__hover_enabled=&#8220;off&#8220; button_one_text_size__hover_enabled=&#8220;off&#8220; button_two_text_size__hover_enabled=&#8220;off&#8220; button_text_color__hover_enabled=&#8220;off&#8220; button_one_text_color__hover_enabled=&#8220;off&#8220; button_two_text_color__hover_enabled=&#8220;off&#8220; button_border_width__hover_enabled=&#8220;off&#8220; button_one_border_width__hover_enabled=&#8220;off&#8220; button_two_border_width__hover_enabled=&#8220;off&#8220; button_border_color__hover_enabled=&#8220;off&#8220; button_one_border_color__hover_enabled=&#8220;off&#8220; button_two_border_color__hover_enabled=&#8220;off&#8220; button_border_radius__hover_enabled=&#8220;off&#8220; button_one_border_radius__hover_enabled=&#8220;off&#8220; button_two_border_radius__hover_enabled=&#8220;off&#8220; button_letter_spacing__hover_enabled=&#8220;off&#8220; button_one_letter_spacing__hover_enabled=&#8220;off&#8220; button_two_letter_spacing__hover_enabled=&#8220;off&#8220; button_bg_color__hover_enabled=&#8220;off&#8220; button_one_bg_color__hover_enabled=&#8220;off&#8220; button_two_bg_color__hover_enabled=&#8220;off&#8220;][\/et_pb_contact_field][\/et_pb_contact_form][\/et_pb_column][et_pb_column type=&#8220;1_2&#8243; _builder_version=&#8220;4.27.4&#8243; _module_preset=&#8220;default&#8220; global_colors_info=&#8220;{}&#8220;][et_pb_image src=&#8220;https:\/\/naehwittchen.ch\/wp-content\/uploads\/2025\/02\/b_saentihof1.jpg&#8220; alt=&#8220;Plan&#8220; title_text=&#8220;b_saentihof1&#8243; admin_label=&#8220;Bild&#8220; _builder_version=&#8220;4.27.4&#8243; _module_preset=&#8220;default&#8220; border_radii=&#8220;on|6px|6px|6px|6px&#8220; box_shadow_style=&#8220;preset2&#8243; global_colors_info=&#8220;{}&#8220;][\/et_pb_image][et_pb_text admin_label=&#8220;Text&#8220; _builder_version=&#8220;4.27.4&#8243; _module_preset=&#8220;default&#8220; hover_enabled=&#8220;0&#8243; global_colors_info=&#8220;{}&#8220; sticky_enabled=&#8220;0&#8243; text_text_color=&#8220;#0C71C3&#8243;]<\/p>\n<p>\u00a9 <a href=\"http:\/\/mapz.com\" target=\"_blank\" rel=\"noopener\">mapz.com<\/a> \u2013 Map Data: OpenStreetMap ODbL.<br \/>\ud83c\udd7f\ufe0f <strong>Bitte bei mir die Parkkarte verlangen.<\/strong><\/p>\n<p>[\/et_pb_text][\/et_pb_column][\/et_pb_row][\/et_pb_section]<\/p>\n","protected":false},"excerpt":{"rendered":"<p>Chat mit WhatsApp \u00a9 mapz.com \u2013 Map Data: OpenStreetMap ODbL.\ud83c\udd7f\ufe0f Bitte bei mir die Parkkarte verlangen.<\/p>\n","protected":false},"author":3,"featured_media":0,"parent":0,"menu_order":0,"comment_status":"closed","ping_status":"closed","template":"","meta":{"_et_pb_use_builder":"on","_et_pb_old_content":"","_et_gb_content_width":"","_glsr_average":0,"_glsr_ranking":0,"_glsr_reviews":0,"footnotes":""},"class_list":["post-96","page","type-page","status-publish","hentry"],"yoast_head":"<!-- This site is optimized with the Yoast SEO plugin v27.4 - https:\/\/yoast.com\/product\/yoast-seo-wordpress\/ -->\n<title>Kontakt - Wiget-Albisser&#039;s N\u00e4hwittchen<\/title>\n<meta name=\"robots\" content=\"index, follow, max-snippet:-1, max-image-preview:large, max-video-preview:-1\" \/>\n<link rel=\"canonical\" href=\"https:\/\/naehwittchen.ch\/?page_id=96\" \/>\n<meta property=\"og:locale\" content=\"de_DE\" \/>\n<meta property=\"og:type\" content=\"article\" \/>\n<meta property=\"og:title\" content=\"Kontakt - Wiget-Albisser&#039;s N\u00e4hwittchen\" \/>\n<meta property=\"og:description\" content=\"Chat mit WhatsApp \u00a9 mapz.com \u2013 Map Data: OpenStreetMap ODbL.\ud83c\udd7f\ufe0f Bitte bei mir die Parkkarte verlangen.\" \/>\n<meta property=\"og:url\" content=\"https:\/\/naehwittchen.ch\/?page_id=96\" \/>\n<meta property=\"og:site_name\" content=\"Wiget-Albisser&#039;s N\u00e4hwittchen\" \/>\n<meta property=\"article:modified_time\" content=\"2025-12-10T18:24:40+00:00\" \/>\n<meta name=\"twitter:card\" content=\"summary_large_image\" \/>\n<meta name=\"twitter:label1\" content=\"Gesch\u00e4tzte Lesezeit\" \/>\n\t<meta name=\"twitter:data1\" content=\"1\u00a0Minute\" \/>\n<script type=\"application\/ld+json\" class=\"yoast-schema-graph\">{\"@context\":\"https:\\\/\\\/schema.org\",\"@graph\":[{\"@type\":\"WebPage\",\"@id\":\"https:\\\/\\\/naehwittchen.ch\\\/?page_id=96\",\"url\":\"https:\\\/\\\/naehwittchen.ch\\\/?page_id=96\",\"name\":\"Kontakt - Wiget-Albisser&#039;s N\u00e4hwittchen\",\"isPartOf\":{\"@id\":\"https:\\\/\\\/naehwittchen.ch\\\/#website\"},\"datePublished\":\"2025-01-04T18:58:40+00:00\",\"dateModified\":\"2025-12-10T18:24:40+00:00\",\"breadcrumb\":{\"@id\":\"https:\\\/\\\/naehwittchen.ch\\\/?page_id=96#breadcrumb\"},\"inLanguage\":\"de\",\"potentialAction\":[{\"@type\":\"ReadAction\",\"target\":[\"https:\\\/\\\/naehwittchen.ch\\\/?page_id=96\"]}]},{\"@type\":\"BreadcrumbList\",\"@id\":\"https:\\\/\\\/naehwittchen.ch\\\/?page_id=96#breadcrumb\",\"itemListElement\":[{\"@type\":\"ListItem\",\"position\":1,\"name\":\"Startseite\",\"item\":\"https:\\\/\\\/naehwittchen.ch\\\/\"},{\"@type\":\"ListItem\",\"position\":2,\"name\":\"Kontakt\"}]},{\"@type\":\"WebSite\",\"@id\":\"https:\\\/\\\/naehwittchen.ch\\\/#website\",\"url\":\"https:\\\/\\\/naehwittchen.ch\\\/\",\"name\":\"Wiget-Albisser's N\u00e4hwittchen\",\"description\":\"N\u00e4hen, N\u00e4hkurse, sticken und reparieren von Stoffen\",\"potentialAction\":[{\"@type\":\"SearchAction\",\"target\":{\"@type\":\"EntryPoint\",\"urlTemplate\":\"https:\\\/\\\/naehwittchen.ch\\\/?s={search_term_string}\"},\"query-input\":{\"@type\":\"PropertyValueSpecification\",\"valueRequired\":true,\"valueName\":\"search_term_string\"}}],\"inLanguage\":\"de\"}]}<\/script>\n<!-- \/ Yoast SEO plugin. -->","yoast_head_json":{"title":"Kontakt - Wiget-Albisser&#039;s N\u00e4hwittchen","robots":{"index":"index","follow":"follow","max-snippet":"max-snippet:-1","max-image-preview":"max-image-preview:large","max-video-preview":"max-video-preview:-1"},"canonical":"https:\/\/naehwittchen.ch\/?page_id=96","og_locale":"de_DE","og_type":"article","og_title":"Kontakt - Wiget-Albisser&#039;s N\u00e4hwittchen","og_description":"Chat mit WhatsApp \u00a9 mapz.com \u2013 Map Data: OpenStreetMap ODbL.\ud83c\udd7f\ufe0f Bitte bei mir die Parkkarte verlangen.","og_url":"https:\/\/naehwittchen.ch\/?page_id=96","og_site_name":"Wiget-Albisser&#039;s N\u00e4hwittchen","article_modified_time":"2025-12-10T18:24:40+00:00","twitter_card":"summary_large_image","twitter_misc":{"Gesch\u00e4tzte Lesezeit":"1\u00a0Minute"},"schema":{"@context":"https:\/\/schema.org","@graph":[{"@type":"WebPage","@id":"https:\/\/naehwittchen.ch\/?page_id=96","url":"https:\/\/naehwittchen.ch\/?page_id=96","name":"Kontakt - Wiget-Albisser&#039;s N\u00e4hwittchen","isPartOf":{"@id":"https:\/\/naehwittchen.ch\/#website"},"datePublished":"2025-01-04T18:58:40+00:00","dateModified":"2025-12-10T18:24:40+00:00","breadcrumb":{"@id":"https:\/\/naehwittchen.ch\/?page_id=96#breadcrumb"},"inLanguage":"de","potentialAction":[{"@type":"ReadAction","target":["https:\/\/naehwittchen.ch\/?page_id=96"]}]},{"@type":"BreadcrumbList","@id":"https:\/\/naehwittchen.ch\/?page_id=96#breadcrumb","itemListElement":[{"@type":"ListItem","position":1,"name":"Startseite","item":"https:\/\/naehwittchen.ch\/"},{"@type":"ListItem","position":2,"name":"Kontakt"}]},{"@type":"WebSite","@id":"https:\/\/naehwittchen.ch\/#website","url":"https:\/\/naehwittchen.ch\/","name":"Wiget-Albisser's N\u00e4hwittchen","description":"N\u00e4hen, N\u00e4hkurse, sticken und reparieren von Stoffen","potentialAction":[{"@type":"SearchAction","target":{"@type":"EntryPoint","urlTemplate":"https:\/\/naehwittchen.ch\/?s={search_term_string}"},"query-input":{"@type":"PropertyValueSpecification","valueRequired":true,"valueName":"search_term_string"}}],"inLanguage":"de"}]}},"_links":{"self":[{"href":"https:\/\/naehwittchen.ch\/index.php?rest_route=\/wp\/v2\/pages\/96","targetHints":{"allow":["GET"]}}],"collection":[{"href":"https:\/\/naehwittchen.ch\/index.php?rest_route=\/wp\/v2\/pages"}],"about":[{"href":"https:\/\/naehwittchen.ch\/index.php?rest_route=\/wp\/v2\/types\/page"}],"author":[{"embeddable":true,"href":"https:\/\/naehwittchen.ch\/index.php?rest_route=\/wp\/v2\/users\/3"}],"replies":[{"embeddable":true,"href":"https:\/\/naehwittchen.ch\/index.php?rest_route=%2Fwp%2Fv2%2Fcomments&post=96"}],"version-history":[{"count":32,"href":"https:\/\/naehwittchen.ch\/index.php?rest_route=\/wp\/v2\/pages\/96\/revisions"}],"predecessor-version":[{"id":1485,"href":"https:\/\/naehwittchen.ch\/index.php?rest_route=\/wp\/v2\/pages\/96\/revisions\/1485"}],"wp:attachment":[{"href":"https:\/\/naehwittchen.ch\/index.php?rest_route=%2Fwp%2Fv2%2Fmedia&parent=96"}],"curies":[{"name":"wp","href":"https:\/\/api.w.org\/{rel}","templated":true}]}}