{"id":653,"date":"2025-03-05T11:40:34","date_gmt":"2025-03-05T11:40:34","guid":{"rendered":"https:\/\/naehwittchen.ch\/?page_id=653"},"modified":"2025-04-26T16:05:11","modified_gmt":"2025-04-26T16:05:11","slug":"beispiele3","status":"publish","type":"page","link":"https:\/\/naehwittchen.ch\/?page_id=653","title":{"rendered":"Beispiele"},"content":{"rendered":"<p>[et_pb_section fb_built=&#8220;1&#8243; _builder_version=&#8220;4.27.4&#8243; _module_preset=&#8220;default&#8220; background_color=&#8220;gcid-695690f7-1400-435d-ab5d-81e5d8a43692&#8243; global_colors_info=&#8220;{%22gcid-695690f7-1400-435d-ab5d-81e5d8a43692%22:%91%22background_color%22%93}&#8220;][et_pb_row column_structure=&#8220;1_4,1_4,1_4,1_4&#8243; admin_label=&#8220;Zeile&#8220; _builder_version=&#8220;4.27.4&#8243; _module_preset=&#8220;default&#8220; global_colors_info=&#8220;{}&#8220;][et_pb_column type=&#8220;1_4&#8243; _builder_version=&#8220;4.27.4&#8243; _module_preset=&#8220;default&#8220; global_colors_info=&#8220;{}&#8220;][et_pb_image src=&#8220;https:\/\/naehwittchen.ch\/wp-content\/uploads\/2025\/03\/b_kind_tuch_1.jpg&#8220; title_text=&#8220;b_kind_tuch_1&#8243; admin_label=&#8220;Bild&#8220; _builder_version=&#8220;4.27.4&#8243; _module_preset=&#8220;default&#8220; animation_style=&#8220;zoom&#8220; hover_enabled=&#8220;0&#8243; border_radii=&#8220;on|6px|6px|6px|6px&#8220; box_shadow_style=&#8220;preset2&#8243; global_colors_info=&#8220;{}&#8220; alt=&#8220;L\u00e4tzli&#8220; sticky_enabled=&#8220;0&#8243;][\/et_pb_image][et_pb_image src=&#8220;https:\/\/naehwittchen.ch\/wp-content\/uploads\/2025\/03\/b_kind_body_1-scaled.jpg&#8220; title_text=&#8220;b_kind_body_1&#8243; admin_label=&#8220;Bild&#8220; _builder_version=&#8220;4.27.4&#8243; _module_preset=&#8220;default&#8220; animation_style=&#8220;zoom&#8220; hover_enabled=&#8220;0&#8243; border_radii=&#8220;on|6px|6px|6px|6px&#8220; box_shadow_style=&#8220;preset2&#8243; global_colors_info=&#8220;{}&#8220; alt=&#8220;Kinderbody&#8220; sticky_enabled=&#8220;0&#8243;][\/et_pb_image][et_pb_image src=&#8220;https:\/\/naehwittchen.ch\/wp-content\/uploads\/2025\/03\/b_kind_klett_1-scaled.jpg&#8220; title_text=&#8220;b_kind_klett_1&#8243; admin_label=&#8220;Bild&#8220; _builder_version=&#8220;4.27.4&#8243; _module_preset=&#8220;default&#8220; animation_style=&#8220;zoom&#8220; hover_enabled=&#8220;0&#8243; border_radii=&#8220;on|6px|6px|6px|6px&#8220; box_shadow_style=&#8220;preset2&#8243; global_colors_info=&#8220;{}&#8220; alt=&#8220;Rucksackklett&#8220; sticky_enabled=&#8220;0&#8243;][\/et_pb_image][\/et_pb_column][et_pb_column type=&#8220;1_4&#8243; _builder_version=&#8220;4.27.4&#8243; _module_preset=&#8220;default&#8220; global_colors_info=&#8220;{}&#8220;][et_pb_image src=&#8220;https:\/\/naehwittchen.ch\/wp-content\/uploads\/2025\/03\/b_kind_pyjama_1-scaled.jpg&#8220; title_text=&#8220;b_kind_pyjama_1&#8243; admin_label=&#8220;Bild&#8220; _builder_version=&#8220;4.27.4&#8243; _module_preset=&#8220;default&#8220; animation_style=&#8220;zoom&#8220; hover_enabled=&#8220;0&#8243; border_radii=&#8220;on|6px|6px|6px|6px&#8220; box_shadow_style=&#8220;preset2&#8243; global_colors_info=&#8220;{}&#8220; alt=&#8220;Pyjama&#8220; sticky_enabled=&#8220;0&#8243;][\/et_pb_image][et_pb_image src=&#8220;https:\/\/naehwittchen.ch\/wp-content\/uploads\/2025\/03\/b_karte_2-scaled.jpg&#8220; title_text=&#8220;b_karte_2&#8243; admin_label=&#8220;Bild&#8220; _builder_version=&#8220;4.27.4&#8243; _module_preset=&#8220;default&#8220; animation_style=&#8220;zoom&#8220; hover_enabled=&#8220;0&#8243; border_radii=&#8220;on|6px|6px|6px|6px&#8220; box_shadow_style=&#8220;preset2&#8243; global_colors_info=&#8220;{}&#8220; alt=&#8220;Karte&#8220; sticky_enabled=&#8220;0&#8243;][\/et_pb_image][et_pb_image src=&#8220;https:\/\/naehwittchen.ch\/wp-content\/uploads\/2025\/04\/b_fastnachtskleid.png&#8220; title_text=&#8220;b_fastnachtskleid&#8220; admin_label=&#8220;Bild&#8220; _builder_version=&#8220;4.27.4&#8243; _module_preset=&#8220;default&#8220; animation_style=&#8220;zoom&#8220; hover_enabled=&#8220;0&#8243; border_radii=&#8220;on|6px|6px|6px|6px&#8220; box_shadow_style=&#8220;preset2&#8243; global_colors_info=&#8220;{}&#8220; alt=&#8220;Fastnachtskleid&#8220; sticky_enabled=&#8220;0&#8243;][\/et_pb_image][\/et_pb_column][et_pb_column type=&#8220;1_4&#8243; _builder_version=&#8220;4.27.4&#8243; _module_preset=&#8220;default&#8220; global_colors_info=&#8220;{}&#8220;][et_pb_image src=&#8220;https:\/\/naehwittchen.ch\/wp-content\/uploads\/2025\/03\/b_rep_jacke_1-scaled.jpg&#8220; title_text=&#8220;b_rep_jacke_1&#8243; admin_label=&#8220;Bild&#8220; _builder_version=&#8220;4.27.4&#8243; _module_preset=&#8220;default&#8220; animation_style=&#8220;zoom&#8220; hover_enabled=&#8220;0&#8243; border_radii=&#8220;on|6px|6px|6px|6px&#8220; box_shadow_style=&#8220;preset2&#8243; global_colors_info=&#8220;{}&#8220; alt=&#8220;Jackenreparatur&#8220; sticky_enabled=&#8220;0&#8243;][\/et_pb_image][et_pb_image src=&#8220;https:\/\/naehwittchen.ch\/wp-content\/uploads\/2025\/03\/b_alltag_kuechentuch_1-scaled.jpg&#8220; title_text=&#8220;b_alltag_kuechentuch_1&#8243; admin_label=&#8220;Bild&#8220; _builder_version=&#8220;4.27.4&#8243; _module_preset=&#8220;default&#8220; animation_style=&#8220;zoom&#8220; hover_enabled=&#8220;0&#8243; border_radii=&#8220;on|6px|6px|6px|6px&#8220; box_shadow_style=&#8220;preset2&#8243; global_colors_info=&#8220;{}&#8220; alt=&#8220;K\u00fcchentuch&#8220; sticky_enabled=&#8220;0&#8243;][\/et_pb_image][et_pb_image src=&#8220;https:\/\/naehwittchen.ch\/wp-content\/uploads\/2025\/04\/b_herzkissen.png&#8220; title_text=&#8220;b_herzkissen&#8220; admin_label=&#8220;Bild&#8220; _builder_version=&#8220;4.27.4&#8243; _module_preset=&#8220;default&#8220; animation_style=&#8220;zoom&#8220; hover_enabled=&#8220;0&#8243; border_radii=&#8220;on|6px|6px|6px|6px&#8220; box_shadow_style=&#8220;preset2&#8243; global_colors_info=&#8220;{}&#8220; alt=&#8220;Herzkissen&#8220; sticky_enabled=&#8220;0&#8243;][\/et_pb_image][\/et_pb_column][et_pb_column type=&#8220;1_4&#8243; _builder_version=&#8220;4.27.4&#8243; _module_preset=&#8220;default&#8220; global_colors_info=&#8220;{}&#8220;][et_pb_image src=&#8220;https:\/\/naehwittchen.ch\/wp-content\/uploads\/2025\/03\/b_kind_pulli_1-scaled.jpg&#8220; title_text=&#8220;b_kind_pulli_1&#8243; admin_label=&#8220;Bild&#8220; _builder_version=&#8220;4.27.4&#8243; _module_preset=&#8220;default&#8220; animation_style=&#8220;zoom&#8220; hover_enabled=&#8220;0&#8243; border_radii=&#8220;on|6px|6px|6px|6px&#8220; box_shadow_style=&#8220;preset2&#8243; global_colors_info=&#8220;{}&#8220; alt=&#8220;Kinderpulli&#8220; sticky_enabled=&#8220;0&#8243;][\/et_pb_image][et_pb_image src=&#8220;https:\/\/naehwittchen.ch\/wp-content\/uploads\/2025\/03\/b_karte_1-scaled.jpg&#8220; title_text=&#8220;b_karte_1&#8243; admin_label=&#8220;Bild&#8220; _builder_version=&#8220;4.27.4&#8243; _module_preset=&#8220;default&#8220; animation_style=&#8220;zoom&#8220; hover_enabled=&#8220;0&#8243; border_radii=&#8220;on|6px|6px|6px|6px&#8220; box_shadow_style=&#8220;preset2&#8243; global_colors_info=&#8220;{}&#8220; alt=&#8220;Hochzeitskarten&#8220; sticky_enabled=&#8220;0&#8243;][\/et_pb_image][\/et_pb_column][\/et_pb_row][et_pb_row column_structure=&#8220;1_2,1_2&#8243; _builder_version=&#8220;4.27.4&#8243; _module_preset=&#8220;default&#8220; global_colors_info=&#8220;{}&#8220;][et_pb_column type=&#8220;1_2&#8243; _builder_version=&#8220;4.27.4&#8243; _module_preset=&#8220;default&#8220; global_colors_info=&#8220;{}&#8220;][et_pb_image src=&#8220;https:\/\/naehwittchen.ch\/wp-content\/uploads\/2025\/04\/b_hundebett.jpeg&#8220; title_text=&#8220;b_hundebett&#8220; admin_label=&#8220;Bild&#8220; _builder_version=&#8220;4.27.4&#8243; _module_preset=&#8220;default&#8220; animation_style=&#8220;zoom&#8220; hover_enabled=&#8220;0&#8243; border_radii=&#8220;on|6px|6px|6px|6px&#8220; box_shadow_style=&#8220;preset2&#8243; global_colors_info=&#8220;{}&#8220; alt=&#8220;Hundebett-Reparatur&#8220; sticky_enabled=&#8220;0&#8243;][\/et_pb_image][\/et_pb_column][et_pb_column type=&#8220;1_2&#8243; _builder_version=&#8220;4.27.4&#8243; _module_preset=&#8220;default&#8220; global_colors_info=&#8220;{}&#8220;][et_pb_video src=&#8220;https:\/\/youtu.be\/y_GsO2YYUmk&#8220; src_last_edited=&#8220;off|desktop&#8220; _builder_version=&#8220;4.27.4&#8243; _module_preset=&#8220;default&#8220; hover_enabled=&#8220;0&#8243; border_radii=&#8220;on|6px|6px|6px|6px&#8220; box_shadow_style=&#8220;preset2&#8243; global_colors_info=&#8220;{}&#8220; src__hover_enabled=&#8220;off|desktop&#8220; sticky_enabled=&#8220;0&#8243;][\/et_pb_video][\/et_pb_column][\/et_pb_row][\/et_pb_section]<\/p>\n","protected":false},"excerpt":{"rendered":"","protected":false},"author":3,"featured_media":0,"parent":0,"menu_order":0,"comment_status":"closed","ping_status":"closed","template":"","meta":{"_et_pb_use_builder":"on","_et_pb_old_content":"","_et_gb_content_width":"","_glsr_average":0,"_glsr_ranking":0,"_glsr_reviews":0,"footnotes":""},"class_list":["post-653","page","type-page","status-publish","hentry"],"yoast_head":"<!-- This site is optimized with the Yoast SEO plugin v27.4 - https:\/\/yoast.com\/product\/yoast-seo-wordpress\/ -->\n<title>Beispiele - Wiget-Albisser&#039;s N\u00e4hwittchen<\/title>\n<meta name=\"robots\" content=\"index, follow, max-snippet:-1, max-image-preview:large, max-video-preview:-1\" \/>\n<link rel=\"canonical\" href=\"https:\/\/naehwittchen.ch\/?page_id=653\" \/>\n<meta property=\"og:locale\" content=\"de_DE\" \/>\n<meta property=\"og:type\" content=\"article\" \/>\n<meta property=\"og:title\" content=\"Beispiele - Wiget-Albisser&#039;s N\u00e4hwittchen\" \/>\n<meta property=\"og:url\" content=\"https:\/\/naehwittchen.ch\/?page_id=653\" \/>\n<meta property=\"og:site_name\" content=\"Wiget-Albisser&#039;s N\u00e4hwittchen\" \/>\n<meta property=\"article:modified_time\" content=\"2025-04-26T16:05:11+00:00\" \/>\n<meta name=\"twitter:card\" content=\"summary_large_image\" \/>\n<meta name=\"twitter:label1\" content=\"Gesch\u00e4tzte Lesezeit\" \/>\n\t<meta name=\"twitter:data1\" content=\"2\u00a0Minuten\" \/>\n<script type=\"application\/ld+json\" class=\"yoast-schema-graph\">{\"@context\":\"https:\\\/\\\/schema.org\",\"@graph\":[{\"@type\":\"WebPage\",\"@id\":\"https:\\\/\\\/naehwittchen.ch\\\/?page_id=653\",\"url\":\"https:\\\/\\\/naehwittchen.ch\\\/?page_id=653\",\"name\":\"Beispiele - Wiget-Albisser&#039;s N\u00e4hwittchen\",\"isPartOf\":{\"@id\":\"https:\\\/\\\/naehwittchen.ch\\\/#website\"},\"datePublished\":\"2025-03-05T11:40:34+00:00\",\"dateModified\":\"2025-04-26T16:05:11+00:00\",\"breadcrumb\":{\"@id\":\"https:\\\/\\\/naehwittchen.ch\\\/?page_id=653#breadcrumb\"},\"inLanguage\":\"de\",\"potentialAction\":[{\"@type\":\"ReadAction\",\"target\":[\"https:\\\/\\\/naehwittchen.ch\\\/?page_id=653\"]}]},{\"@type\":\"BreadcrumbList\",\"@id\":\"https:\\\/\\\/naehwittchen.ch\\\/?page_id=653#breadcrumb\",\"itemListElement\":[{\"@type\":\"ListItem\",\"position\":1,\"name\":\"Startseite\",\"item\":\"https:\\\/\\\/naehwittchen.ch\\\/\"},{\"@type\":\"ListItem\",\"position\":2,\"name\":\"Beispiele\"}]},{\"@type\":\"WebSite\",\"@id\":\"https:\\\/\\\/naehwittchen.ch\\\/#website\",\"url\":\"https:\\\/\\\/naehwittchen.ch\\\/\",\"name\":\"Wiget-Albisser's N\u00e4hwittchen\",\"description\":\"N\u00e4hen, N\u00e4hkurse, sticken und reparieren von Stoffen\",\"potentialAction\":[{\"@type\":\"SearchAction\",\"target\":{\"@type\":\"EntryPoint\",\"urlTemplate\":\"https:\\\/\\\/naehwittchen.ch\\\/?s={search_term_string}\"},\"query-input\":{\"@type\":\"PropertyValueSpecification\",\"valueRequired\":true,\"valueName\":\"search_term_string\"}}],\"inLanguage\":\"de\"}]}<\/script>\n<!-- \/ Yoast SEO plugin. -->","yoast_head_json":{"title":"Beispiele - Wiget-Albisser&#039;s N\u00e4hwittchen","robots":{"index":"index","follow":"follow","max-snippet":"max-snippet:-1","max-image-preview":"max-image-preview:large","max-video-preview":"max-video-preview:-1"},"canonical":"https:\/\/naehwittchen.ch\/?page_id=653","og_locale":"de_DE","og_type":"article","og_title":"Beispiele - Wiget-Albisser&#039;s N\u00e4hwittchen","og_url":"https:\/\/naehwittchen.ch\/?page_id=653","og_site_name":"Wiget-Albisser&#039;s N\u00e4hwittchen","article_modified_time":"2025-04-26T16:05:11+00:00","twitter_card":"summary_large_image","twitter_misc":{"Gesch\u00e4tzte Lesezeit":"2\u00a0Minuten"},"schema":{"@context":"https:\/\/schema.org","@graph":[{"@type":"WebPage","@id":"https:\/\/naehwittchen.ch\/?page_id=653","url":"https:\/\/naehwittchen.ch\/?page_id=653","name":"Beispiele - Wiget-Albisser&#039;s N\u00e4hwittchen","isPartOf":{"@id":"https:\/\/naehwittchen.ch\/#website"},"datePublished":"2025-03-05T11:40:34+00:00","dateModified":"2025-04-26T16:05:11+00:00","breadcrumb":{"@id":"https:\/\/naehwittchen.ch\/?page_id=653#breadcrumb"},"inLanguage":"de","potentialAction":[{"@type":"ReadAction","target":["https:\/\/naehwittchen.ch\/?page_id=653"]}]},{"@type":"BreadcrumbList","@id":"https:\/\/naehwittchen.ch\/?page_id=653#breadcrumb","itemListElement":[{"@type":"ListItem","position":1,"name":"Startseite","item":"https:\/\/naehwittchen.ch\/"},{"@type":"ListItem","position":2,"name":"Beispiele"}]},{"@type":"WebSite","@id":"https:\/\/naehwittchen.ch\/#website","url":"https:\/\/naehwittchen.ch\/","name":"Wiget-Albisser's N\u00e4hwittchen","description":"N\u00e4hen, N\u00e4hkurse, sticken und reparieren von Stoffen","potentialAction":[{"@type":"SearchAction","target":{"@type":"EntryPoint","urlTemplate":"https:\/\/naehwittchen.ch\/?s={search_term_string}"},"query-input":{"@type":"PropertyValueSpecification","valueRequired":true,"valueName":"search_term_string"}}],"inLanguage":"de"}]}},"_links":{"self":[{"href":"https:\/\/naehwittchen.ch\/index.php?rest_route=\/wp\/v2\/pages\/653","targetHints":{"allow":["GET"]}}],"collection":[{"href":"https:\/\/naehwittchen.ch\/index.php?rest_route=\/wp\/v2\/pages"}],"about":[{"href":"https:\/\/naehwittchen.ch\/index.php?rest_route=\/wp\/v2\/types\/page"}],"author":[{"embeddable":true,"href":"https:\/\/naehwittchen.ch\/index.php?rest_route=\/wp\/v2\/users\/3"}],"replies":[{"embeddable":true,"href":"https:\/\/naehwittchen.ch\/index.php?rest_route=%2Fwp%2Fv2%2Fcomments&post=653"}],"version-history":[{"count":33,"href":"https:\/\/naehwittchen.ch\/index.php?rest_route=\/wp\/v2\/pages\/653\/revisions"}],"predecessor-version":[{"id":1476,"href":"https:\/\/naehwittchen.ch\/index.php?rest_route=\/wp\/v2\/pages\/653\/revisions\/1476"}],"wp:attachment":[{"href":"https:\/\/naehwittchen.ch\/index.php?rest_route=%2Fwp%2Fv2%2Fmedia&parent=653"}],"curies":[{"name":"wp","href":"https:\/\/api.w.org\/{rel}","templated":true}]}}