{"id":405,"date":"2025-02-15T17:40:32","date_gmt":"2025-02-15T17:40:32","guid":{"rendered":"https:\/\/naehwittchen.ch\/?page_id=405"},"modified":"2025-04-20T22:26:05","modified_gmt":"2025-04-20T22:26:05","slug":"bewertung-abgeben","status":"publish","type":"page","link":"https:\/\/naehwittchen.ch\/?page_id=405","title":{"rendered":"Bewertung schreiben"},"content":{"rendered":"<p>[et_pb_section fb_built=&#8220;1&#8243; admin_label=&#8220;section&#8220; _builder_version=&#8220;4.27.4&#8243; background_color=&#8220;gcid-695690f7-1400-435d-ab5d-81e5d8a43692&#8243; global_colors_info=&#8220;{%22gcid-695690f7-1400-435d-ab5d-81e5d8a43692%22:%91%22background_color%22%93}&#8220;][et_pb_row admin_label=&#8220;row&#8220; _builder_version=&#8220;4.16&#8243; background_size=&#8220;initial&#8220; background_position=&#8220;top_left&#8220; background_repeat=&#8220;repeat&#8220; global_colors_info=&#8220;{}&#8220;][et_pb_column type=&#8220;4_4&#8243; _builder_version=&#8220;4.16&#8243; custom_padding=&#8220;|||&#8220; global_colors_info=&#8220;{}&#8220; custom_padding__hover=&#8220;|||&#8220;][et_pb_text admin_label=&#8220;Text&#8220; _builder_version=&#8220;4.27.4&#8243; background_size=&#8220;initial&#8220; background_position=&#8220;top_left&#8220; background_repeat=&#8220;repeat&#8220; global_colors_info=&#8220;{}&#8220;]<\/p>\n<div class=\"shortcode-site-reviews-form\"><div class=\"glsr glsr-default\" id=\"m76hgy54\" data-from=\"shortcode\" data-shortcode=\"site_reviews_form\" data-hide=\"email,title\"><div class=\"glsr-form-wrap\">\n    <form class=\"glsr-form glsr-review-form\" method=\"post\" enctype=\"multipart\/form-data\">\n        <input type=\"hidden\" name=\"site-reviews[_action]\" value=\"submit-review\" \/>\n<input type=\"hidden\" name=\"site-reviews[_nonce]\" value=\"e21c00234b\" \/>\n<input type=\"hidden\" name=\"site-reviews[_post_id]\" value=\"405\" \/>\n<input type=\"hidden\" name=\"site-reviews[_referer]\" value=\"\" \/>\n<input type=\"hidden\" name=\"site-reviews[assigned_posts]\" value=\"\" \/>\n<input type=\"hidden\" name=\"site-reviews[assigned_terms]\" value=\"\" \/>\n<input type=\"hidden\" name=\"site-reviews[assigned_users]\" value=\"\" \/>\n<input type=\"hidden\" name=\"site-reviews[excluded]\" value=\"email, title\" \/>\n<input type=\"hidden\" name=\"site-reviews[form_id]\" value=\"m76hgy54\" \/>\n<input type=\"hidden\" name=\"site-reviews[form_signature]\" value=\"833lstVKMes5ruyRooUnCKHNipGLaQWMgm-QyFN3F2UyWn6De8k87c8FYT1qEAYhvjJ0pVNdqKKpaS-Rjs0YC3mTvN7eLiySxKFVE7hibttsilkZ-RFjn852xaE8EwCnaSHWAn0mks6xSuFwkWl_pICpbmCSrYL4cSO4pNeyD5LA6evPU4cRFEr0Cso3Q2fDPQOYu9avrRBq_8lEQE6vIGmrlPMpTeFAGIpTv8l5_73TI2z9Y6Lzn16Uix75RUbE05ukwZ74Rjq3RZYvtH25X70PYFaaghEOyvJScR3JVqzjkEMeolPdxUYH5gEQO0MRqT2baxkxSDOOMZWKT4-rmulk17qQMfjXBZBnYG1iX_PdKExBSINHCIaiWY2h6hl26UaETYCLgjghiscNrUX4hpKyySPKYomU3j-WmWvZNbhCZVGE8Yq629ty1yUXQN8gruk\" \/>\n<input type=\"hidden\" name=\"site-reviews[terms_exist]\" value=\"1\" \/>\n<div class=\"glsr-field\" style=\"display:none;\"><label for=\"site-reviews-2a1bfcfa-m76hgy54\">Deine Rezension<\/label><input type=\"text\" class=\"glsr-input glsr-input-text\" id=\"site-reviews-2a1bfcfa-m76hgy54\" name=\"site-reviews[2a1bfcfa]\" value=\"\" \/><\/div>\n<div class=\"glsr-field glsr-field-rating glsr-required\" data-field=\"rating\" data-type=\"rating\">\n    <label class=\"glsr-label\" for=\"m76hgy54-rating\">\n    <span>Deine Gesamtbewertung<\/span>\n<\/label>\n    <select class=\"browser-default disable-select glsr-select no-wrap no_wrap\" id=\"m76hgy54-rating\" name=\"site-reviews[rating]\" required><option value=\"\">Gib eine Punktzahl<\/option><option value=\"5\">5\u00a0Sterne<\/option><option value=\"4\">4\u00a0Sterne<\/option><option value=\"3\">3\u00a0Sterne<\/option><option value=\"2\">2\u00a0Sterne<\/option><option value=\"1\">1\u00a0Stern<\/option><\/select>\n    <div class=\"glsr-field-error\"><\/div>\n<\/div>\n<div class=\"glsr-field glsr-field-textarea glsr-required\" data-field=\"content\" data-type=\"textarea\">\n    <label class=\"glsr-label\" for=\"m76hgy54-content\">\n    <span>Deine Rezension<\/span>\n<\/label>\n    <textarea class=\"glsr-textarea\" id=\"m76hgy54-content\" name=\"site-reviews[content]\" required placeholder=\"Ver\u00f6ffentliche Deine Bewertung\" rows=\"5\"><\/textarea>\n    <div class=\"glsr-field-error\"><\/div>\n<\/div>\n<div class=\"glsr-field glsr-field-text glsr-required\" data-field=\"name\" data-type=\"text\">\n    <label class=\"glsr-label\" for=\"m76hgy54-name\">\n    <span>Dein Name<\/span>\n<\/label>\n    <input type=\"text\" class=\"glsr-input glsr-input-text\" id=\"m76hgy54-name\" name=\"site-reviews[name]\" required placeholder=\"Nenne uns Deinen Namen\" value=\"\" \/>\n    <div class=\"glsr-field-error\"><\/div>\n<\/div>\n<div class=\"glsr-field glsr-field-choice glsr-required\" data-field=\"terms\" data-type=\"toggle\">\n    \n    <div class=\"glsr-field-subgroup\">\n        <span class=\"glsr-field-toggle\">\n    <span>\n        <span class=\"glsr-toggle\"><input type=\"checkbox\" class=\"glsr-input-toggle\" id=\"m76hgy54-terms-1\" name=\"site-reviews[terms]\" required value=\"1\" \/><span class=\"glsr-toggle-track\"><\/span><\/span>\n    <\/span>\n    <label for=\"m76hgy54-terms-1\">Diese Bewertung basiert auf meiner pers\u00f6nlichen Erfahrung und entspricht meiner eigenen Meinung.<\/label>\n<\/span>\n    <\/div>\n    <div class=\"glsr-field-error\"><\/div>\n<\/div>\n        <div class=\"glsr-form-message\">\n    \n<\/div>\n        <div data-field=\"submit-button\">\n    <div class=\"wp-block-buttons is-layout-flex\">\n        <div class=\"wp-block-button\">\n            <button type=\"submit\" class=\"glsr-button wp-block-button__link wp-element-button\" aria-busy=\"false\" data-loading=\"Submitting, please wait...\">Submit Review<\/button>\n        <\/div>\n    <\/div>\n<\/div>\n    <\/form>\n<\/div><\/div><\/div>\n<p>[\/et_pb_text][\/et_pb_column][\/et_pb_row][\/et_pb_section]<\/p>\n","protected":false},"excerpt":{"rendered":"<div class=\"shortcode-site-reviews-form\"><div class=\"glsr glsr-default\" id=\"m76hgy54\" data-from=\"shortcode\" data-shortcode=\"site_reviews_form\" data-hide=\"email,title\"><div class=\"glsr-form-wrap\">\n    <form class=\"glsr-form glsr-review-form\" method=\"post\" enctype=\"multipart\/form-data\">\n        <input type=\"hidden\" name=\"site-reviews[_action]\" value=\"submit-review\" \/>\n<input type=\"hidden\" name=\"site-reviews[_nonce]\" value=\"e21c00234b\" \/>\n<input type=\"hidden\" name=\"site-reviews[_post_id]\" value=\"405\" \/>\n<input type=\"hidden\" name=\"site-reviews[_referer]\" value=\"\" \/>\n<input type=\"hidden\" name=\"site-reviews[assigned_posts]\" value=\"\" \/>\n<input type=\"hidden\" name=\"site-reviews[assigned_terms]\" value=\"\" \/>\n<input type=\"hidden\" name=\"site-reviews[assigned_users]\" value=\"\" \/>\n<input type=\"hidden\" name=\"site-reviews[excluded]\" value=\"email, title\" \/>\n<input type=\"hidden\" name=\"site-reviews[form_id]\" value=\"m76hgy54\" \/>\n<input type=\"hidden\" name=\"site-reviews[form_signature]\" value=\"7uzTUhtdybp5uM9pzYcOhGa0B9ZCHr0zcXsh2gpOcPexKWbQM75GfHxF4A3SmRzsYhGhc8sSZyW66D96e7Inor18dO66F_WUkESdgy2mnocXPDz1k4zQOyBZVaC3xQqZJy7kws5LorTMOlrFTqDGIXcR4dirtDS8Hzwh6FBirdfItfNb8kGEfLCxiXRuvTtTypYJO9dwDCrVARksqhXSY_Iq5Khb0IcNVSHUXrEiuYxzYk4nDgo8fVCLZ3JedsYhu3LXUdAvAQJk4h9GQkjjoxINTIRBdiGBPbLL4w-HOpeamlzsWo-A9p7jO5vzjnuC33XCN6ckFYWtwdm-LtkRMKF-Ao5grhE1aNmFzm16iEcQFcHzWpxAzIh_qKLC6itupKuY9tj2KvG7wNYbvJno6fMgKVvp2Wef_g_VXu5S4A6xZg94n_E9WUGS9d3XDAZZcNU\" \/>\n<input type=\"hidden\" name=\"site-reviews[terms_exist]\" value=\"1\" \/>\n<div class=\"glsr-field\" style=\"display:none;\"><label for=\"site-reviews-2a1bfcfa-m76hgy54\">Deine Rezension<\/label><input type=\"text\" class=\"glsr-input glsr-input-text\" id=\"site-reviews-2a1bfcfa-m76hgy54\" name=\"site-reviews[2a1bfcfa]\" value=\"\" \/><\/div>\n<div class=\"glsr-field glsr-field-rating glsr-required\" data-field=\"rating\" data-type=\"rating\">\n    <label class=\"glsr-label\" for=\"m76hgy54-rating\">\n    <span>Deine Gesamtbewertung<\/span>\n<\/label>\n    <select class=\"browser-default disable-select glsr-select no-wrap no_wrap\" id=\"m76hgy54-rating\" name=\"site-reviews[rating]\" required><option value=\"\">Gib eine Punktzahl<\/option><option value=\"5\">5\u00a0Sterne<\/option><option value=\"4\">4\u00a0Sterne<\/option><option value=\"3\">3\u00a0Sterne<\/option><option value=\"2\">2\u00a0Sterne<\/option><option value=\"1\">1\u00a0Stern<\/option><\/select>\n    <div class=\"glsr-field-error\"><\/div>\n<\/div>\n<div class=\"glsr-field glsr-field-textarea glsr-required\" data-field=\"content\" data-type=\"textarea\">\n    <label class=\"glsr-label\" for=\"m76hgy54-content\">\n    <span>Deine Rezension<\/span>\n<\/label>\n    <textarea class=\"glsr-textarea\" id=\"m76hgy54-content\" name=\"site-reviews[content]\" required placeholder=\"Ver\u00f6ffentliche Deine Bewertung\" rows=\"5\"><\/textarea>\n    <div class=\"glsr-field-error\"><\/div>\n<\/div>\n<div class=\"glsr-field glsr-field-text glsr-required\" data-field=\"name\" data-type=\"text\">\n    <label class=\"glsr-label\" for=\"m76hgy54-name\">\n    <span>Dein Name<\/span>\n<\/label>\n    <input type=\"text\" class=\"glsr-input glsr-input-text\" id=\"m76hgy54-name\" name=\"site-reviews[name]\" required placeholder=\"Nenne uns Deinen Namen\" value=\"\" \/>\n    <div class=\"glsr-field-error\"><\/div>\n<\/div>\n<div class=\"glsr-field glsr-field-choice glsr-required\" data-field=\"terms\" data-type=\"toggle\">\n    \n    <div class=\"glsr-field-subgroup\">\n        <span class=\"glsr-field-toggle\">\n    <span>\n        <span class=\"glsr-toggle\"><input type=\"checkbox\" class=\"glsr-input-toggle\" id=\"m76hgy54-terms-1\" name=\"site-reviews[terms]\" required value=\"1\" \/><span class=\"glsr-toggle-track\"><\/span><\/span>\n    <\/span>\n    <label for=\"m76hgy54-terms-1\">Diese Bewertung basiert auf meiner pers\u00f6nlichen Erfahrung und entspricht meiner eigenen Meinung.<\/label>\n<\/span>\n    <\/div>\n    <div class=\"glsr-field-error\"><\/div>\n<\/div>\n        <div class=\"glsr-form-message\">\n    \n<\/div>\n        <div data-field=\"submit-button\">\n    <div class=\"wp-block-buttons is-layout-flex\">\n        <div class=\"wp-block-button\">\n            <button type=\"submit\" class=\"glsr-button wp-block-button__link wp-element-button\" aria-busy=\"false\" data-loading=\"Submitting, please wait...\">Submit Review<\/button>\n        <\/div>\n    <\/div>\n<\/div>\n    <\/form>\n<\/div><\/div><\/div>\n","protected":false},"author":3,"featured_media":0,"parent":0,"menu_order":0,"comment_status":"closed","ping_status":"closed","template":"","meta":{"_et_pb_use_builder":"on","_et_pb_old_content":"[site_reviews_form title=\"Bewertung schreiben\" id=\"m76hgy54\"]","_et_gb_content_width":"","_glsr_average":0,"_glsr_ranking":0,"_glsr_reviews":0,"footnotes":""},"class_list":["post-405","page","type-page","status-publish","hentry"],"yoast_head":"<!-- This site is optimized with the Yoast SEO plugin v27.5 - https:\/\/yoast.com\/product\/yoast-seo-wordpress\/ -->\n<title>Bewertung schreiben - Wiget-Albisser&#039;s N\u00e4hwittchen<\/title>\n<meta name=\"robots\" content=\"index, follow, max-snippet:-1, max-image-preview:large, max-video-preview:-1\" \/>\n<link rel=\"canonical\" href=\"https:\/\/naehwittchen.ch\/?page_id=405\" \/>\n<meta property=\"og:locale\" content=\"de_DE\" \/>\n<meta property=\"og:type\" content=\"article\" \/>\n<meta property=\"og:title\" content=\"Bewertung schreiben - Wiget-Albisser&#039;s N\u00e4hwittchen\" \/>\n<meta property=\"og:url\" content=\"https:\/\/naehwittchen.ch\/?page_id=405\" \/>\n<meta property=\"og:site_name\" content=\"Wiget-Albisser&#039;s N\u00e4hwittchen\" \/>\n<meta property=\"article:modified_time\" content=\"2025-04-20T22:26:05+00:00\" \/>\n<meta name=\"twitter:card\" content=\"summary_large_image\" \/>\n<meta name=\"twitter:description\" content=\"[site_reviews_form title=&quot;Bewertung schreiben&quot; id=&quot;m76hgy54&quot; hide=&quot;email,title&quot;]\" \/>\n<meta name=\"twitter:label1\" content=\"Gesch\u00e4tzte Lesezeit\" \/>\n\t<meta name=\"twitter:data1\" content=\"1\u00a0Minute\" \/>\n<script type=\"application\/ld+json\" class=\"yoast-schema-graph\">{\"@context\":\"https:\\\/\\\/schema.org\",\"@graph\":[{\"@type\":\"WebPage\",\"@id\":\"https:\\\/\\\/naehwittchen.ch\\\/?page_id=405\",\"url\":\"https:\\\/\\\/naehwittchen.ch\\\/?page_id=405\",\"name\":\"Bewertung schreiben - Wiget-Albisser&#039;s N\u00e4hwittchen\",\"isPartOf\":{\"@id\":\"https:\\\/\\\/naehwittchen.ch\\\/#website\"},\"datePublished\":\"2025-02-15T17:40:32+00:00\",\"dateModified\":\"2025-04-20T22:26:05+00:00\",\"breadcrumb\":{\"@id\":\"https:\\\/\\\/naehwittchen.ch\\\/?page_id=405#breadcrumb\"},\"inLanguage\":\"de\",\"potentialAction\":[{\"@type\":\"ReadAction\",\"target\":[\"https:\\\/\\\/naehwittchen.ch\\\/?page_id=405\"]}]},{\"@type\":\"BreadcrumbList\",\"@id\":\"https:\\\/\\\/naehwittchen.ch\\\/?page_id=405#breadcrumb\",\"itemListElement\":[{\"@type\":\"ListItem\",\"position\":1,\"name\":\"Startseite\",\"item\":\"https:\\\/\\\/naehwittchen.ch\\\/\"},{\"@type\":\"ListItem\",\"position\":2,\"name\":\"Bewertung schreiben\"}]},{\"@type\":\"WebSite\",\"@id\":\"https:\\\/\\\/naehwittchen.ch\\\/#website\",\"url\":\"https:\\\/\\\/naehwittchen.ch\\\/\",\"name\":\"Wiget-Albisser's N\u00e4hwittchen\",\"description\":\"N\u00e4hen, N\u00e4hkurse, sticken und reparieren von Stoffen\",\"potentialAction\":[{\"@type\":\"SearchAction\",\"target\":{\"@type\":\"EntryPoint\",\"urlTemplate\":\"https:\\\/\\\/naehwittchen.ch\\\/?s={search_term_string}\"},\"query-input\":{\"@type\":\"PropertyValueSpecification\",\"valueRequired\":true,\"valueName\":\"search_term_string\"}}],\"inLanguage\":\"de\"}]}<\/script>\n<!-- \/ Yoast SEO plugin. -->","yoast_head_json":{"title":"Bewertung schreiben - Wiget-Albisser&#039;s N\u00e4hwittchen","robots":{"index":"index","follow":"follow","max-snippet":"max-snippet:-1","max-image-preview":"max-image-preview:large","max-video-preview":"max-video-preview:-1"},"canonical":"https:\/\/naehwittchen.ch\/?page_id=405","og_locale":"de_DE","og_type":"article","og_title":"Bewertung schreiben - Wiget-Albisser&#039;s N\u00e4hwittchen","og_url":"https:\/\/naehwittchen.ch\/?page_id=405","og_site_name":"Wiget-Albisser&#039;s N\u00e4hwittchen","article_modified_time":"2025-04-20T22:26:05+00:00","twitter_card":"summary_large_image","twitter_description":"[site_reviews_form title=\"Bewertung schreiben\" id=\"m76hgy54\" hide=\"email,title\"]","twitter_misc":{"Gesch\u00e4tzte Lesezeit":"1\u00a0Minute"},"schema":{"@context":"https:\/\/schema.org","@graph":[{"@type":"WebPage","@id":"https:\/\/naehwittchen.ch\/?page_id=405","url":"https:\/\/naehwittchen.ch\/?page_id=405","name":"Bewertung schreiben - Wiget-Albisser&#039;s N\u00e4hwittchen","isPartOf":{"@id":"https:\/\/naehwittchen.ch\/#website"},"datePublished":"2025-02-15T17:40:32+00:00","dateModified":"2025-04-20T22:26:05+00:00","breadcrumb":{"@id":"https:\/\/naehwittchen.ch\/?page_id=405#breadcrumb"},"inLanguage":"de","potentialAction":[{"@type":"ReadAction","target":["https:\/\/naehwittchen.ch\/?page_id=405"]}]},{"@type":"BreadcrumbList","@id":"https:\/\/naehwittchen.ch\/?page_id=405#breadcrumb","itemListElement":[{"@type":"ListItem","position":1,"name":"Startseite","item":"https:\/\/naehwittchen.ch\/"},{"@type":"ListItem","position":2,"name":"Bewertung schreiben"}]},{"@type":"WebSite","@id":"https:\/\/naehwittchen.ch\/#website","url":"https:\/\/naehwittchen.ch\/","name":"Wiget-Albisser's N\u00e4hwittchen","description":"N\u00e4hen, N\u00e4hkurse, sticken und reparieren von Stoffen","potentialAction":[{"@type":"SearchAction","target":{"@type":"EntryPoint","urlTemplate":"https:\/\/naehwittchen.ch\/?s={search_term_string}"},"query-input":{"@type":"PropertyValueSpecification","valueRequired":true,"valueName":"search_term_string"}}],"inLanguage":"de"}]}},"_links":{"self":[{"href":"https:\/\/naehwittchen.ch\/index.php?rest_route=\/wp\/v2\/pages\/405","targetHints":{"allow":["GET"]}}],"collection":[{"href":"https:\/\/naehwittchen.ch\/index.php?rest_route=\/wp\/v2\/pages"}],"about":[{"href":"https:\/\/naehwittchen.ch\/index.php?rest_route=\/wp\/v2\/types\/page"}],"author":[{"embeddable":true,"href":"https:\/\/naehwittchen.ch\/index.php?rest_route=\/wp\/v2\/users\/3"}],"replies":[{"embeddable":true,"href":"https:\/\/naehwittchen.ch\/index.php?rest_route=%2Fwp%2Fv2%2Fcomments&post=405"}],"version-history":[{"count":6,"href":"https:\/\/naehwittchen.ch\/index.php?rest_route=\/wp\/v2\/pages\/405\/revisions"}],"predecessor-version":[{"id":1367,"href":"https:\/\/naehwittchen.ch\/index.php?rest_route=\/wp\/v2\/pages\/405\/revisions\/1367"}],"wp:attachment":[{"href":"https:\/\/naehwittchen.ch\/index.php?rest_route=%2Fwp%2Fv2%2Fmedia&parent=405"}],"curies":[{"name":"wp","href":"https:\/\/api.w.org\/{rel}","templated":true}]}}